{"id":169,"date":"2024-12-18T12:22:13","date_gmt":"2024-12-18T11:22:13","guid":{"rendered":"https:\/\/couleur-abeille.fr\/?post_type=product&#038;p=169"},"modified":"2024-12-18T17:19:10","modified_gmt":"2024-12-18T16:19:10","slug":"bougies-en-cire-dabeilles","status":"publish","type":"product","link":"https:\/\/www.couleur-abeille.fr\/index.php\/produit\/bougies-en-cire-dabeilles\/","title":{"rendered":"Bougies en cire d&rsquo;abeilles"},"content":{"rendered":"<p>Prix au d\u00e9tail suivant les mod\u00e8les utilis\u00e9s, venez me voir sur les march\u00e9s ! \ud83d\ude42<\/p>\n","protected":false},"excerpt":{"rendered":"<p>Prix au d\u00e9tail suivant les mod\u00e8les utilis\u00e9s, venez me voir sur les march\u00e9s ! \ud83d\ude42<\/p>\n","protected":false},"featured_media":170,"template":"","meta":[],"product_brand":[],"product_cat":[20],"product_tag":[],"class_list":{"0":"post-169","1":"product","2":"type-product","3":"status-publish","4":"has-post-thumbnail","6":"product_cat-produits-transformes","8":"first","9":"instock","10":"shipping-taxable","11":"product-type-simple"},"_links":{"self":[{"href":"https:\/\/www.couleur-abeille.fr\/index.php\/wp-json\/wp\/v2\/product\/169","targetHints":{"allow":["GET"]}}],"collection":[{"href":"https:\/\/www.couleur-abeille.fr\/index.php\/wp-json\/wp\/v2\/product"}],"about":[{"href":"https:\/\/www.couleur-abeille.fr\/index.php\/wp-json\/wp\/v2\/types\/product"}],"wp:featuredmedia":[{"embeddable":true,"href":"https:\/\/www.couleur-abeille.fr\/index.php\/wp-json\/wp\/v2\/media\/170"}],"wp:attachment":[{"href":"https:\/\/www.couleur-abeille.fr\/index.php\/wp-json\/wp\/v2\/media?parent=169"}],"wp:term":[{"taxonomy":"product_brand","embeddable":true,"href":"https:\/\/www.couleur-abeille.fr\/index.php\/wp-json\/wp\/v2\/product_brand?post=169"},{"taxonomy":"product_cat","embeddable":true,"href":"https:\/\/www.couleur-abeille.fr\/index.php\/wp-json\/wp\/v2\/product_cat?post=169"},{"taxonomy":"product_tag","embeddable":true,"href":"https:\/\/www.couleur-abeille.fr\/index.php\/wp-json\/wp\/v2\/product_tag?post=169"}],"curies":[{"name":"wp","href":"https:\/\/api.w.org\/{rel}","templated":true}]}}